{"id":1322,"date":"2024-12-21T15:12:01","date_gmt":"2024-12-21T15:12:01","guid":{"rendered":"http:\/\/chube.eu\/home\/"},"modified":"2025-11-28T11:58:27","modified_gmt":"2025-11-28T11:58:27","slug":"home","status":"publish","type":"page","link":"https:\/\/chube.eu\/de\/","title":{"rendered":"Startseite"},"content":{"rendered":"<div class=\"wp-block-uagb-container fullwidth-mobil uagb-block-494c42c4 alignfull uagb-is-root-container\"><div class=\"uagb-container-inner-blocks-wrap\">\n<div class=\"wp-block-uagb-info-box uagb-block-cd2517a4 uagb-infobox__content-wrap  uagb-infobox-icon-above-title uagb-infobox-image-valign-top wp-block-uagb-info-box--has-margin\"><div class=\"uagb-infobox-margin-wrapper\"><div class=\"uagb-ifb-content\"><div class=\"uagb-ifb-title-wrap\"><h1 class=\"uagb-ifb-title\"><br>Gutes Design respektiert das, was davor war, und das, was danach kommt.<br><\/h1><\/div><div class=\"uagb-ifb-button-wrapper wp-block-button\"><a href=\"#whywedothis\" class=\"uagb-infobox-cta-link wp-block-button__link\" target=\"_self\" rel=\"noopener noreferrer\" onclick=\"return true;\"><span class=\"uagb-inline-editing\">Los geht's<\/span><\/a><\/div><\/div><\/div><\/div>\n<\/div><\/div>\n\n\n\n<div class=\"wp-block-uagb-container uagb-block-5fcee4f8 alignfull uagb-is-root-container\"><div class=\"uagb-container-inner-blocks-wrap\">\n<div class=\"wp-block-uagb-advanced-heading uagb-block-2b5f3149\" id=\"whywedothis\"><h2 class=\"uagb-heading-text\">Unsere Idee<\/h2><div class=\"uagb-separator\"><\/div><\/div>\n\n\n\n<div class=\"wp-block-uagb-container uagb-block-4a8e1942\">\n<div class=\"wp-block-uagb-container uagb-block-c988f562\">\n<div class=\"wp-block-uagb-image alignleft uagb-block-a35d235b wp-block-uagb-image--layout-default wp-block-uagb-image--effect-static wp-block-uagb-image--align-left\"><figure class=\"wp-block-uagb-image__figure\"><img loading=\"lazy\" decoding=\"async\" srcset=\"https:\/\/chube.eu\/wp-content\/uploads\/2021\/11\/service-1.jpg ,https:\/\/chube.eu\/wp-content\/uploads\/2021\/11\/service-1.jpg 780w, https:\/\/chube.eu\/wp-content\/uploads\/2021\/11\/service-1.jpg 360w\" sizes=\"auto, (max-width: 480px) 150px\" src=\"https:\/\/chube.eu\/wp-content\/uploads\/2021\/11\/service-1.jpg\" alt=\"Service 1\" class=\"uag-image-109\" width=\"373\" height=\"464\" title=\"Dienst-1\" role=\"img\"><\/figure><\/div>\n\n\n\n<div class=\"wp-block-uagb-advanced-heading uagb-block-b07219d5\"><h3 class=\"uagb-heading-text\">Wer wir sind<\/h3><p class=\"uagb-desc-text\"><br><br>Bei CHUBE glauben wir daran, dass gutes Design und bewusstes Leben wunderbar miteinander harmonieren k\u00f6nnen. Gegr\u00fcndet von Christoph und Bernd im Herzen Deutschlands, stammt unser Name von ihren Initialen \u2013 verbunden durch das deutsche Wort \u201eund\u201c\ufeff \u2013 und wird wie \u201ecube\u201c\ufeff ausgesprochen, was auf die Schlichtheit und Funktion unseres allerersten Produkts anspielt. Wir schaffen zeitlose, minimalistische Objekte, die f\u00fcr das echte Leben entworfen sind \u2013 lokal mit Sorgfalt gefertigt und mit m\u00f6glichst geringem Einfluss auf den Planeten.<\/p><\/div>\n<\/div>\n\n\n\n<div class=\"wp-block-uagb-container uagb-block-0ad6ff4e\">\n<div class=\"wp-block-uagb-image alignleft uagb-block-930d8e85 wp-block-uagb-image--layout-default wp-block-uagb-image--effect-static wp-block-uagb-image--align-left\"><figure class=\"wp-block-uagb-image__figure\"><img loading=\"lazy\" decoding=\"async\" srcset=\"https:\/\/chube.eu\/wp-content\/uploads\/2021\/11\/service-2.jpg ,https:\/\/chube.eu\/wp-content\/uploads\/2021\/11\/service-2.jpg 780w, https:\/\/chube.eu\/wp-content\/uploads\/2021\/11\/service-2.jpg 360w\" sizes=\"auto, (max-width: 480px) 150px\" src=\"https:\/\/chube.eu\/wp-content\/uploads\/2021\/11\/service-2.jpg\" alt=\"Service 2\" class=\"uag-image-110\" width=\"373\" height=\"464\" title=\"Dienst-2\" role=\"img\"><\/figure><\/div>\n\n\n\n<div class=\"wp-block-uagb-advanced-heading uagb-block-3974de5a\"><h3 class=\"uagb-heading-text\">Wof\u00fcr wir stehen<\/h3><p class=\"uagb-desc-text\"><br><br>Jedes CHUBE-Produkt verk\u00f6rpert unsere Philosophie des bewussten Kaufens: Kaufe nur, was du wirklich brauchst, und wenn du kaufst, dann w\u00e4hle etwas, das f\u00fcr die Ewigkeit gemacht ist. Unsere Produkte bestehen aus nachhaltigen Materialien wie PLA, einem auf Mais basierenden, vollst\u00e4ndig recycelbaren und biologisch abbaubaren Kunststoff, den wir inhouse im 3D-Druckverfahren fertigen. Das Ergebnis ist eine Kollektion von Alltagsgegenst\u00e4nden mit kleinem \u00f6kologischen Fu\u00dfabdruck und langer Lebensdauer<\/p><\/div>\n<\/div>\n\n\n\n<div class=\"wp-block-uagb-container uagb-block-48a31e6a\">\n<div class=\"wp-block-uagb-image alignleft uagb-block-2675d6b0 wp-block-uagb-image--layout-default wp-block-uagb-image--effect-static wp-block-uagb-image--align-left\"><figure class=\"wp-block-uagb-image__figure\"><img loading=\"lazy\" decoding=\"async\" srcset=\"https:\/\/chube.eu\/wp-content\/uploads\/2021\/11\/service-3.jpg ,https:\/\/chube.eu\/wp-content\/uploads\/2021\/11\/service-3.jpg 780w, https:\/\/chube.eu\/wp-content\/uploads\/2021\/11\/service-3.jpg 360w\" sizes=\"auto, (max-width: 480px) 150px\" src=\"https:\/\/chube.eu\/wp-content\/uploads\/2021\/11\/service-3.jpg\" alt=\"Service 3\" class=\"uag-image-108\" width=\"373\" height=\"464\" title=\"Dienst-3\" role=\"img\"><\/figure><\/div>\n\n\n\n<div class=\"wp-block-uagb-advanced-heading uagb-block-8f982c10\"><h3 class=\"uagb-heading-text\">Warum wir das tun<\/h3><p class=\"uagb-desc-text\"><br><br>Inspiriert von der Natur rund um die deutschen Alpen ist unsere Designsprache verwurzelt in ruhigen, erdigen T\u00f6nen und sanften Pastellfarben, die W\u00e4lder, Berge und neblige Himmel widerspiegeln. Wir verbinden dies mit v\u00f6lliger Transparenz bei der Beschaffung und Produktion, denn wir glauben, Nachhaltigkeit sollte ehrlich, transparent und nicht nur zur Schau gestellt sein. CHUBE ist mehr als eine Marke \u2013 es ist eine stille Feier durchdachten Designs, verantwortungsvollen Handwerks und der Sch\u00f6nheit eines leichten Lebens.<\/p><\/div>\n<\/div>\n<\/div>\n<\/div><\/div>\n\n\n\n<div class=\"wp-block-uagb-container uagb-block-880346b0 alignfull uagb-is-root-container\"><div class=\"uagb-container-inner-blocks-wrap\">\n<div class=\"wp-block-uagb-advanced-heading uagb-block-efc3990d\"><h2 class=\"uagb-heading-text\">Unser Onlineshop<\/h2><div class=\"uagb-separator\"><\/div><\/div>\n\n\n\n<p class=\"has-text-align-center\">Wir verkaufen unsere Produkte auf Etsy. Wir freuen uns auf euren Besuch <a href=\"https:\/\/www.etsy.com\/shop\/CHUBEUG?ref=seller-platform-mcnav\" data-type=\"link\" data-id=\"https:\/\/www.etsy.com\/shop\/CHUBEUG?ref=seller-platform-mcnav\" target=\"_blank\" rel=\"noreferrer noopener\">dort<\/a><\/p>\n\n\n\n<div style=\"height:100px\" aria-hidden=\"true\" class=\"wp-block-spacer\"><\/div>\n<\/div><\/div>\n\n\n\n<div class=\"wp-block-uagb-container fullwidth-mobil uag-hide-mob uagb-block-05a4a518 alignfull uagb-is-root-container\"><div class=\"uagb-container-inner-blocks-wrap\">\n<div class=\"wp-block-uagb-info-box uagb-block-9a97965e uagb-infobox__content-wrap  uagb-infobox-icon-above-title uagb-infobox-image-valign-top wp-block-uagb-info-box--has-margin uag-hide-mob\"><div class=\"uagb-infobox-margin-wrapper\"><div class=\"uagb-ifb-content\"><div class=\"uagb-ifb-title-wrap\"><h2 class=\"uagb-ifb-title\">SPRICH UNS AN<br><\/h2><\/div><p class=\"uagb-ifb-desc\">Wir w\u00fcrden uns freuen, von dir zu h\u00f6ren \u2013 melde dich gerne mit Fragen, Ideen oder Vorschl\u00e4gen!<\/p><div class=\"uagb-ifb-button-wrapper wp-block-button\"><a href=\"https:\/\/chube.eu\/de\/contact\/\" class=\"uagb-infobox-cta-link wp-block-button__link\" target=\"_self\" rel=\"noopener noreferrer\" onclick=\"return true;\"><span class=\"uagb-inline-editing\">Kontakt<\/span><\/a><\/div><\/div><\/div><\/div>\n<\/div><\/div>\n\n\n\n<div class=\"wp-block-uagb-info-box uagb-block-704ab806 uagb-infobox__content-wrap  uagb-infobox-icon-above-title uagb-infobox-image-valign-top wp-block-uagb-info-box--has-margin uag-hide-desktop uag-hide-tab\"><div class=\"uagb-infobox-margin-wrapper\"><div class=\"uagb-ifb-content\"><div class=\"uagb-ifb-title-wrap\"><\/div><div class=\"uagb-ifb-button-wrapper wp-block-button\"><a href=\"https:\/\/chube.eu\/de\/contact\/\" class=\"uagb-infobox-cta-link wp-block-button__link\" target=\"_self\" rel=\"noopener noreferrer\" onclick=\"return true;\"><span class=\"uagb-inline-editing\">Kontakt<\/span><\/a><\/div><\/div><\/div><\/div>\n\n\n\n<p class=\"has-white-color has-text-color has-link-color wp-elements-c645e628e62f8fbab9d9726851472d16\"><\/p>\n\n\n\n<p><\/p>\n\n\n\n<div class=\"wp-block-buttons fixed-button uag-hide-mob is-layout-flex wp-block-buttons-is-layout-flex\">\n<div class=\"wp-block-button is-style-fill uag-hide-mob\"><a class=\"wp-block-button__link wp-element-button\" href=\"https:\/\/chube.eu\/de\/contact\/\">Kontakt<\/a><\/div>\n<\/div>\n\n\n\n<div class=\"wp-block-buttons fixed-button-shop uag-hide-mob is-layout-flex wp-block-buttons-is-layout-flex\">\n<div class=\"wp-block-button uag-hide-mob\"><a class=\"wp-block-button__link wp-element-button\" href=\"https:\/\/www.etsy.com\/shop\/CHUBEUG?ref=seller-platform-mcnav\" target=\"_blank\" rel=\"noreferrer noopener\">Shop<\/a><\/div>\n<\/div>\n\n\n\n<div class=\"wp-block-buttons fixed-button-newsletter uag-hide-mob is-layout-flex wp-block-buttons-is-layout-flex\">\n<div class=\"wp-block-button uag-hide-mob\"><a class=\"wp-block-button__link wp-element-button\" href=\"https:\/\/chube.eu\/de\/newsletter\/\">Newsletter<\/a><\/div>\n<\/div>\n\n\n\n<p><\/p>\n\n\n\n<p><\/p>","protected":false},"excerpt":{"rendered":"<p>Our Idea Who we are At CHUBE, we believe that good design and conscious living can coexist beautifully. Founded by Christoph and Bernd in the heart of Germany, our name comes from their initials\u2014connected by the German word und (\u201cand\u201d)\u2014 and is pronounced just like cube, a nod to the simplicity and function of our [&hellip;]<\/p>\n","protected":false},"author":1,"featured_media":0,"parent":0,"menu_order":0,"comment_status":"closed","ping_status":"closed","template":"","meta":{"_gspb_post_css":"","inline_featured_image":false,"_uag_custom_page_level_css":"","site-sidebar-layout":"no-sidebar","site-content-layout":"page-builder","ast-site-content-layout":"full-width-container","site-content-style":"unboxed","site-sidebar-style":"unboxed","ast-global-header-display":"","ast-banner-title-visibility":"","ast-main-header-display":"","ast-hfb-above-header-display":"","ast-hfb-below-header-display":"","ast-hfb-mobile-header-display":"","site-post-title":"disabled","ast-breadcrumbs-content":"","ast-featured-img":"disabled","footer-sml-layout":"","ast-disable-related-posts":"","theme-transparent-header-meta":"enabled","adv-header-id-meta":"","stick-header-meta":"","header-above-stick-meta":"","header-main-stick-meta":"","header-below-stick-meta":"","astra-migrate-meta-layouts":"set","ast-page-background-enabled":"default","ast-page-background-meta":{"desktop":{"background-color":"var(--ast-global-color-4)","background-image":"","background-repeat":"repeat","background-position":"center center","background-size":"auto","background-attachment":"scroll","background-type":"","background-media":"","overlay-type":"","overlay-color":"","overlay-opacity":"","overlay-gradient":""},"tablet":{"background-color":"","background-image":"","background-repeat":"repeat","background-position":"center center","background-size":"auto","background-attachment":"scroll","background-type":"","background-media":"","overlay-type":"","overlay-color":"","overlay-opacity":"","overlay-gradient":""},"mobile":{"background-color":"","background-image":"","background-repeat":"repeat","background-position":"center center","background-size":"auto","background-attachment":"scroll","background-type":"","background-media":"","overlay-type":"","overlay-color":"","overlay-opacity":"","overlay-gradient":""}},"ast-content-background-meta":{"desktop":{"background-color":"var(--ast-global-color-5)","background-image":"","background-repeat":"repeat","background-position":"center center","background-size":"auto","background-attachment":"scroll","background-type":"","background-media":"","overlay-type":"","overlay-color":"","overlay-opacity":"","overlay-gradient":""},"tablet":{"background-color":"var(--ast-global-color-5)","background-image":"","background-repeat":"repeat","background-position":"center center","background-size":"auto","background-attachment":"scroll","background-type":"","background-media":"","overlay-type":"","overlay-color":"","overlay-opacity":"","overlay-gradient":""},"mobile":{"background-color":"var(--ast-global-color-5)","background-image":"","background-repeat":"repeat","background-position":"center center","background-size":"auto","background-attachment":"scroll","background-type":"","background-media":"","overlay-type":"","overlay-color":"","overlay-opacity":"","overlay-gradient":""}},"footnotes":""},"class_list":["post-1322","page","type-page","status-publish","hentry"],"uagb_featured_image_src":{"full":false,"thumbnail":false,"medium":false,"medium_large":false,"large":false,"1536x1536":false,"2048x2048":false,"trp-custom-language-flag":false,"wptouch-new-thumbnail":false},"uagb_author_info":{"display_name":"admin","author_link":"https:\/\/chube.eu\/de\/author\/admin\/"},"uagb_comment_info":0,"uagb_excerpt":"Our Idea Who we are At CHUBE, we believe that good design and conscious living can coexist beautifully. Founded by Christoph and Bernd in the heart of Germany, our name comes from their initials\u2014connected by the German word und (\u201cand\u201d)\u2014 and is pronounced just like cube, a nod to the simplicity and function of our&hellip;","_links":{"self":[{"href":"https:\/\/chube.eu\/de\/wp-json\/wp\/v2\/pages\/1322","targetHints":{"allow":["GET"]}}],"collection":[{"href":"https:\/\/chube.eu\/de\/wp-json\/wp\/v2\/pages"}],"about":[{"href":"https:\/\/chube.eu\/de\/wp-json\/wp\/v2\/types\/page"}],"author":[{"embeddable":true,"href":"https:\/\/chube.eu\/de\/wp-json\/wp\/v2\/users\/1"}],"replies":[{"embeddable":true,"href":"https:\/\/chube.eu\/de\/wp-json\/wp\/v2\/comments?post=1322"}],"version-history":[{"count":138,"href":"https:\/\/chube.eu\/de\/wp-json\/wp\/v2\/pages\/1322\/revisions"}],"predecessor-version":[{"id":3498,"href":"https:\/\/chube.eu\/de\/wp-json\/wp\/v2\/pages\/1322\/revisions\/3498"}],"wp:attachment":[{"href":"https:\/\/chube.eu\/de\/wp-json\/wp\/v2\/media?parent=1322"}],"curies":[{"name":"wp","href":"https:\/\/api.w.org\/{rel}","templated":true}]}}