{"id":1328,"date":"2024-12-21T15:12:01","date_gmt":"2024-12-21T15:12:01","guid":{"rendered":"http:\/\/chube.eu\/contact\/"},"modified":"2025-11-25T14:49:49","modified_gmt":"2025-11-25T14:49:49","slug":"products","status":"publish","type":"page","link":"https:\/\/chube.eu\/de\/products\/","title":{"rendered":"Produkte"},"content":{"rendered":"<div class=\"wp-block-uagb-container uag-hide-mob uagb-block-93b94c88 alignfull uagb-is-root-container\"><div class=\"uagb-container-inner-blocks-wrap\">\n<div class=\"wp-block-uagb-advanced-heading uagb-block-8a1eebc0\"><h1 class=\"uagb-heading-text\">PRODUCTS<\/h1><\/div>\n<\/div><\/div>\n\n\n\n<div class=\"wp-block-uagb-container uagb-block-4643390f alignfull uagb-is-root-container\"><div class=\"uagb-container-inner-blocks-wrap\">\n<div class=\"wp-block-uagb-info-box uagb-block-618fe07e uagb-infobox__content-wrap  uagb-infobox-icon-above-title uagb-infobox-image-valign-top\"><div class=\"uagb-ifb-content\"><div class=\"uagb-ifb-image-content\"><img loading=\"lazy\" decoding=\"async\" src=\"http:\/\/chube.eu\/wp-content\/uploads\/2025\/11\/Artboard-5.png\" alt=\"artboard 5\" width=\"29\" height=\"29\" title=\"Produkte\"><\/div><div class=\"uagb-ifb-title-wrap\"><h3 class=\"uagb-ifb-title\">Der \u201cTausendsassa\u201d<\/h3><\/div><p class=\"uagb-ifb-desc translation-block\">Bei CHUBE entwerfen wir Produkte f\u00fcr Menschen, die bewusst leben \u2013 mit Blick auf Design, Zweck und Umwelt.<br><br>Dieser vielseitige Beh\u00e4lter wird aus nachhaltigem PLA gefertigt \u2013 einem pflanzenbasierten Material, das f\u00fcr seine nat\u00fcrliche Umweltvertr\u00e4glichkeit und biologische Abbaubarkeit bekannt ist. Seine schlichte, zugleich elegante Form macht ihn zu einem praktischen Begleiter f\u00fcr jeden Raum deines Zuhauses \u2013 ideal zur Aufbewahrung von Badutensilien, Hygieneartikel und Bastelmaterialien.<br>Der Holzdeckel stammt aus verantwortungsvoller, fairer und nachhaltiger europ\u00e4ischer Produktion. Er verleiht dem Beh\u00e4lter eine warme, nat\u00fcrliche Note und sorgt zugleich daf\u00fcr, dass dein Inhalt frisch und gesch\u00fctzt bleibt. Mit Blick auf Langlebigkeit und Umweltbewusstsein entworfen, steht dieser Beh\u00e4lter f\u00fcr achtsames Leben \u2013 ein kleiner Schritt in Richtung einer saubereren, gr\u00fcneren Zukunft.<br>Wir verwenden unsere gerne in der Werkstatt, beim Campen und im ganzen Haus \u2013 doch Kreativit\u00e4t kennt keine Grenzen. Wie wirst du deinen nutzen?<\/p><div class=\"uagb-ifb-button-wrapper wp-block-button\"><a href=\"https:\/\/chube.eu\/de\/tausendsassa\/\" class=\"uagb-infobox-cta-link wp-block-button__link\" target=\"_self\" rel=\"noopener noreferrer\" onclick=\"return true;\"><span class=\"uagb-inline-editing\">MEHR<\/span><\/a><\/div><\/div><\/div>\n\n\n\n<div class=\"wp-block-uagb-image uagb-block-f1c26274 wp-block-uagb-image--layout-default wp-block-uagb-image--effect-zoomin wp-block-uagb-image--align-none\"><figure class=\"wp-block-uagb-image__figure\"><img loading=\"lazy\" decoding=\"async\" srcset=\"https:\/\/chube.eu\/wp-content\/uploads\/2025\/11\/signal-2025-11-24-150338_005-scaled.jpeg ,https:\/\/chube.eu\/wp-content\/uploads\/2025\/11\/signal-2025-11-24-150338_005-scaled.jpeg 780w, https:\/\/chube.eu\/wp-content\/uploads\/2025\/11\/signal-2025-11-24-150338_005-scaled.jpeg 360w\" sizes=\"auto, (max-width: 480px) 150px\" src=\"https:\/\/chube.eu\/wp-content\/uploads\/2025\/11\/signal-2025-11-24-150338_005-scaled.jpeg\" alt=\"signal 2025 11 24 150338 005\" class=\"uag-image-3192\" width=\"650\" height=\"535\" title=\"signal 2025 11 24 150338 005\" role=\"img\"\/><\/figure><\/div>\n<\/div><\/div>\n\n\n\n<div class=\"wp-block-uagb-container uagb-block-a3c776c1 alignfull uagb-is-root-container\"><div class=\"uagb-container-inner-blocks-wrap\">\n<div class=\"wp-block-uagb-info-box uagb-block-722da245 uagb-infobox__content-wrap  uagb-infobox-icon-above-title uagb-infobox-image-valign-top\"><div class=\"uagb-ifb-content\"><div class=\"uagb-ifb-image-content\"><img loading=\"lazy\" decoding=\"async\" src=\"http:\/\/chube.eu\/wp-content\/uploads\/2025\/10\/cropped-1FullColour_Icon.png\" alt=\"1fullcolour icon\" width=\"29\" height=\"28\" title=\"Produkte\"><\/div><div class=\"uagb-ifb-title-wrap\"><h3 class=\"uagb-ifb-title\">Unser Onlineshop<\/h3><\/div><p class=\"uagb-ifb-desc\">We exclusively sell our products through Etsy. This allows us to focus on providing a secure, reliable shopping experience and personalized customer service. To purchase any of our items, please visit our official <a href=\"https:\/\/www.etsy.com\/shop\/CHUBEUG?ref=seller-platform-mcnav\" data-type=\"link\" data-id=\"https:\/\/www.etsy.com\/shop\/CHUBEUG?ref=seller-platform-mcnav\" target=\"_blank\" rel=\"noreferrer noopener\">Etsy shop<\/a>.<br><br><\/p><div class=\"uagb-ifb-button-wrapper wp-block-button\"><a href=\"https:\/\/www.etsy.com\/shop\/CHUBEUG?ref=seller-platform-mcnav\" class=\"uagb-infobox-cta-link wp-block-button__link\" target=\"_blank\" rel=\"noopener noreferrer\" onclick=\"return true;\"><span class=\"uagb-inline-editing\">Shop<\/span><\/a><\/div><\/div><\/div>\n<\/div><\/div>\n\n\n\n<div class=\"wp-block-uagb-container uagb-block-05a4a518 alignfull uagb-is-root-container\"><div class=\"uagb-container-inner-blocks-wrap\">\n<div class=\"wp-block-uagb-info-box uagb-block-9a97965e uagb-infobox__content-wrap  uagb-infobox-icon-above-title uagb-infobox-image-valign-top wp-block-uagb-info-box--has-margin\"><div class=\"uagb-infobox-margin-wrapper\"><div class=\"uagb-ifb-content\"><div class=\"uagb-ifb-title-wrap\"><h2 class=\"uagb-ifb-title\">SPRICH UNS AN<br><\/h2><\/div><p class=\"uagb-ifb-desc\">Wir w\u00fcrden uns freuen, von dir zu h\u00f6ren \u2013 melde dich gerne mit Fragen, Ideen oder Vorschl\u00e4gen!<\/p><div class=\"uagb-ifb-button-wrapper wp-block-button\"><a href=\"https:\/\/chube.eu\/de\/contact\/\" class=\"uagb-infobox-cta-link wp-block-button__link\" target=\"_self\" rel=\"noopener noreferrer\" onclick=\"return true;\"><span class=\"uagb-inline-editing\">Kontakt<\/span><\/a><\/div><\/div><\/div><\/div>\n<\/div><\/div>\n\n\n\n<div class=\"wp-block-buttons fixed-button uag-hide-mob is-layout-flex wp-block-buttons-is-layout-flex\">\n<div class=\"wp-block-button is-style-fill uag-hide-mob\"><a class=\"wp-block-button__link wp-element-button\" href=\"https:\/\/chube.eu\/de\/contact\/\">Kontakt<\/a><\/div>\n<\/div>\n\n\n\n<div class=\"wp-block-buttons fixed-button-shop uag-hide-mob is-layout-flex wp-block-buttons-is-layout-flex\">\n<div class=\"wp-block-button uag-hide-mob\"><a class=\"wp-block-button__link wp-element-button\" href=\"https:\/\/www.etsy.com\/shop\/CHUBEUG?ref=seller-platform-mcnav\" target=\"_blank\" rel=\"noreferrer noopener\">Shop<\/a><\/div>\n<\/div>","protected":false},"excerpt":{"rendered":"<p>PRODUCTS<\/p>","protected":false},"author":1,"featured_media":0,"parent":0,"menu_order":0,"comment_status":"closed","ping_status":"closed","template":"","meta":{"_gspb_post_css":"","inline_featured_image":false,"_uag_custom_page_level_css":"","site-sidebar-layout":"no-sidebar","site-content-layout":"page-builder","ast-site-content-layout":"full-width-container","site-content-style":"unboxed","site-sidebar-style":"unboxed","ast-global-header-display":"","ast-banner-title-visibility":"","ast-main-header-display":"","ast-hfb-above-header-display":"","ast-hfb-below-header-display":"","ast-hfb-mobile-header-display":"","site-post-title":"disabled","ast-breadcrumbs-content":"","ast-featured-img":"disabled","footer-sml-layout":"","ast-disable-related-posts":"","theme-transparent-header-meta":"enabled","adv-header-id-meta":"","stick-header-meta":"","header-above-stick-meta":"","header-main-stick-meta":"","header-below-stick-meta":"","astra-migrate-meta-layouts":"set","ast-page-background-enabled":"default","ast-page-background-meta":{"desktop":{"background-color":"var(--ast-global-color-4)","background-image":"","background-repeat":"repeat","background-position":"center center","background-size":"auto","background-attachment":"scroll","background-type":"","background-media":"","overlay-type":"","overlay-color":"","overlay-opacity":"","overlay-gradient":""},"tablet":{"background-color":"","background-image":"","background-repeat":"repeat","background-position":"center center","background-size":"auto","background-attachment":"scroll","background-type":"","background-media":"","overlay-type":"","overlay-color":"","overlay-opacity":"","overlay-gradient":""},"mobile":{"background-color":"","background-image":"","background-repeat":"repeat","background-position":"center center","background-size":"auto","background-attachment":"scroll","background-type":"","background-media":"","overlay-type":"","overlay-color":"","overlay-opacity":"","overlay-gradient":""}},"ast-content-background-meta":{"desktop":{"background-color":"var(--ast-global-color-5)","background-image":"","background-repeat":"repeat","background-position":"center center","background-size":"auto","background-attachment":"scroll","background-type":"","background-media":"","overlay-type":"","overlay-color":"","overlay-opacity":"","overlay-gradient":""},"tablet":{"background-color":"var(--ast-global-color-5)","background-image":"","background-repeat":"repeat","background-position":"center center","background-size":"auto","background-attachment":"scroll","background-type":"","background-media":"","overlay-type":"","overlay-color":"","overlay-opacity":"","overlay-gradient":""},"mobile":{"background-color":"var(--ast-global-color-5)","background-image":"","background-repeat":"repeat","background-position":"center center","background-size":"auto","background-attachment":"scroll","background-type":"","background-media":"","overlay-type":"","overlay-color":"","overlay-opacity":"","overlay-gradient":""}},"footnotes":""},"class_list":["post-1328","page","type-page","status-publish","hentry"],"uagb_featured_image_src":{"full":false,"thumbnail":false,"medium":false,"medium_large":false,"large":false,"1536x1536":false,"2048x2048":false,"trp-custom-language-flag":false,"wptouch-new-thumbnail":false},"uagb_author_info":{"display_name":"admin","author_link":"https:\/\/chube.eu\/de\/author\/admin\/"},"uagb_comment_info":0,"uagb_excerpt":"PRODUCTS","_links":{"self":[{"href":"https:\/\/chube.eu\/de\/wp-json\/wp\/v2\/pages\/1328","targetHints":{"allow":["GET"]}}],"collection":[{"href":"https:\/\/chube.eu\/de\/wp-json\/wp\/v2\/pages"}],"about":[{"href":"https:\/\/chube.eu\/de\/wp-json\/wp\/v2\/types\/page"}],"author":[{"embeddable":true,"href":"https:\/\/chube.eu\/de\/wp-json\/wp\/v2\/users\/1"}],"replies":[{"embeddable":true,"href":"https:\/\/chube.eu\/de\/wp-json\/wp\/v2\/comments?post=1328"}],"version-history":[{"count":64,"href":"https:\/\/chube.eu\/de\/wp-json\/wp\/v2\/pages\/1328\/revisions"}],"predecessor-version":[{"id":3339,"href":"https:\/\/chube.eu\/de\/wp-json\/wp\/v2\/pages\/1328\/revisions\/3339"}],"wp:attachment":[{"href":"https:\/\/chube.eu\/de\/wp-json\/wp\/v2\/media?parent=1328"}],"curies":[{"name":"wp","href":"https:\/\/api.w.org\/{rel}","templated":true}]}}