{"id":77,"date":"2025-10-07T08:02:08","date_gmt":"2025-10-07T08:02:08","guid":{"rendered":"https:\/\/chube.eu\/services-2\/"},"modified":"2025-11-25T11:37:52","modified_gmt":"2025-11-25T11:37:52","slug":"differentoators","status":"publish","type":"page","link":"https:\/\/chube.eu\/de\/differentoators\/","title":{"rendered":"Motivation"},"content":{"rendered":"<div class=\"wp-block-uagb-container fullwidth-mobil uagb-block-8de9c239 alignfull uagb-is-root-container\"><div class=\"uagb-container-inner-blocks-wrap\">\n<div class=\"wp-block-uagb-advanced-heading uagb-block-99148d6e\"><h1 class=\"uagb-heading-text\">MOTIVATION<\/h1><\/div>\n<\/div><\/div>\n\n\n\n<div class=\"wp-block-uagb-container uagb-block-4643390f alignfull uagb-is-root-container\"><div class=\"uagb-container-inner-blocks-wrap\">\n<div class=\"wp-block-uagb-info-box uagb-block-618fe07e uagb-infobox__content-wrap  uagb-infobox-icon-above-title uagb-infobox-image-valign-top\"><div class=\"uagb-ifb-content\"><div class=\"uagb-ifb-image-content\"><img loading=\"lazy\" decoding=\"async\" src=\"http:\/\/chube.eu\/wp-content\/uploads\/2025\/11\/Artboard-5.png\" alt=\"artboard 5\" width=\"29\" height=\"29\" title=\"Motivation\"><\/div><div class=\"uagb-ifb-title-wrap\"><h3 class=\"uagb-ifb-title\">Produkte<\/h3><\/div><p class=\"uagb-ifb-desc\">Bei CHUBE stellen wir Objekte f\u00fcr Menschen her, denen Design, Zweckm\u00e4\u00dfigkeit und unser Planet am Herzen liegen. Jedes Produkt beginnt mit einer einfachen Idee: etwas Sch\u00f6nes zu schaffen, das nicht die Welt kostet. In unserem Studio in Deutschland verwandeln wir nachhaltige, pflanzliche Materialien mit pr\u00e4zisen, umweltfreundlichen Produktionsmethoden in langlebige Gebrauchsgegenst\u00e4nde. Von der ersten Skizze bis zum fertigen Druck spiegelt jedes Detail unsere \u00dcberzeugung von sinnvollem Design und achtsamem Konsum wider. CHUBE-Teile sind daf\u00fcr gemacht, jahrelang geliebt zu werden, und beweisen, dass Nachhaltigkeit und \u00c4sthetik im Alltag zusammengeh\u00f6ren.<br><br>Bei CHUBE beginnt unser Engagement f\u00fcr Nachhaltigkeit bereits bei der Auswahl der Materialien. Wir stellen jedes St\u00fcck aus PLA her, das aus erneuerbaren pflanzlichen Quellen gewonnen wird, um von Anfang an sowohl Sicherheit als auch Verantwortung zu gew\u00e4hrleisten. In K\u00fcrze wird unsere gesamte Produktion mit Solarenergie betrieben, sodass wir jedes Produkt mit einem v\u00f6llig kohlenstoffneutralen Fu\u00dfabdruck herstellen k\u00f6nnen - ein Beweis daf\u00fcr, dass durchdachtes Design im Einklang mit unserem Planeten entstehen kann.<\/p><\/div><\/div>\n\n\n\n<div class=\"wp-block-uagb-image uagb-block-f1c26274 wp-block-uagb-image--layout-default wp-block-uagb-image--effect-static wp-block-uagb-image--align-none\"><figure class=\"wp-block-uagb-image__figure\"><img loading=\"lazy\" decoding=\"async\" srcset=\"https:\/\/chube.eu\/wp-content\/uploads\/2025\/10\/img22.jpg ,https:\/\/chube.eu\/wp-content\/uploads\/2025\/10\/img22.jpg 780w, https:\/\/chube.eu\/wp-content\/uploads\/2025\/10\/img22.jpg 360w\" sizes=\"auto, (max-width: 480px) 150px\" src=\"https:\/\/chube.eu\/wp-content\/uploads\/2025\/10\/img22.jpg\" alt=\"img22\" class=\"uag-image-2017\" width=\"650\" height=\"535\" title=\"img22\" role=\"img\"\/><\/figure><\/div>\n<\/div><\/div>\n\n\n\n<div class=\"wp-block-uagb-container uagb-block-c4c57e58 alignfull uagb-is-root-container\"><div class=\"uagb-container-inner-blocks-wrap\">\n<div class=\"wp-block-uagb-image uagb-block-55d26514 wp-block-uagb-image--layout-default wp-block-uagb-image--effect-static wp-block-uagb-image--align-none\"><figure class=\"wp-block-uagb-image__figure\"><img loading=\"lazy\" decoding=\"async\" srcset=\"https:\/\/chube.eu\/wp-content\/uploads\/2021\/11\/leaf.jpg ,https:\/\/chube.eu\/wp-content\/uploads\/2021\/11\/leaf.jpg 780w, https:\/\/chube.eu\/wp-content\/uploads\/2021\/11\/leaf.jpg 360w\" sizes=\"auto, (max-width: 480px) 150px\" src=\"https:\/\/chube.eu\/wp-content\/uploads\/2021\/11\/leaf.jpg\" alt=\"Leaf\" class=\"uag-image-145\" width=\"650\" height=\"535\" title=\"Blatt\" role=\"img\"><\/figure><\/div>\n\n\n\n<div class=\"wp-block-uagb-info-box uagb-block-b76e4e8d uagb-infobox__content-wrap  uagb-infobox-icon-above-title uagb-infobox-image-valign-top\"><div class=\"uagb-ifb-content\"><div class=\"uagb-ifb-image-content\"><img loading=\"lazy\" decoding=\"async\" src=\"http:\/\/chube.eu\/wp-content\/uploads\/2025\/11\/Artboard-7.png\" alt=\"artboard 7\" width=\"29\" height=\"29\" title=\"Motivation\"><\/div><div class=\"uagb-ifb-title-wrap\"><h3 class=\"uagb-ifb-title\">Versand\/Verpackung<\/h3><\/div><p class=\"uagb-ifb-desc\">Nachhaltigkeit h\u00f6rt bei CHUBE nicht beim Produkt selbst auf - sie erstreckt sich auf jede Aspekt unserer Verpackung. Wir verwenden Materialien, die den h\u00f6chsten \u00f6kologischen Standards entsprechen, bis hin zu den kleinsten Details. Selbst unsere Etiketten werden sorgf\u00e4ltig ausgew\u00e4hlt, damit sie vollst\u00e4ndig kompostierbar sind und nichts zur\u00fcckbleibt. Beim Versand arbeiten wir mit Versendern zusammen, die sich der Minimierung von Emissionen verschrieben haben, um sicherzustellen, dass jede Bestellung so klimafreundlich wie m\u00f6glich bei Euch ankommt.<\/p><\/div><\/div>\n<\/div><\/div>\n\n\n\n<div class=\"wp-block-uagb-container uagb-block-ba229c41 alignfull uagb-is-root-container\"><div class=\"uagb-container-inner-blocks-wrap\">\n<div class=\"wp-block-uagb-info-box uagb-block-d99c4fc3 uagb-infobox__content-wrap  uagb-infobox-icon-above-title uagb-infobox-image-valign-top\"><div class=\"uagb-ifb-content\"><div class=\"uagb-ifb-image-content\"><img loading=\"lazy\" decoding=\"async\" src=\"http:\/\/chube.eu\/wp-content\/uploads\/2025\/11\/Artboard-8.png\" alt=\"artboard 8\" width=\"29\" height=\"29\" title=\"Motivation\"><\/div><div class=\"uagb-ifb-title-wrap\"><h3 class=\"uagb-ifb-title\">Lebenszyklus (360 - von Anfang bis Ende)<\/h3><\/div><p class=\"uagb-ifb-desc\">Bei CHUBE setzen wir uns die h\u00f6chsten Ma\u00dfst\u00e4be in Sachen Nachhaltigkeit \u2013 jede unserer Entscheidungen wird von einem kompromisslosen Engagement f\u00fcr den Planeten geleitet. Selbst wenn eines unserer Produkte eines Tages seinen Zweck erf\u00fcllt haben sollte (was wir nat\u00fcrlich nicht hoffen), sind seine Materialien daf\u00fcr konzipiert, ihren Weg verantwortungsvoll fortzusetzen. Die Filamentkomponenten k\u00f6nnen vollst\u00e4ndig recycelt und an unseren Filamenthersteller (oder andere) \u00fcberall in Deutschland zur\u00fcckgef\u00fchrt werden, um einen echten Kreislaufprozess zu gew\u00e4hrleisten. Holz-, Papier- und Kartonteile k\u00f6nnen \u00fcber die herk\u00f6mmlichen Recyclingwege entsorgt werden, wodurch es einfach bleibt, Ressourcen im Umlauf zu halten und Abfall aus der Umwelt fernzuhalten.<br><\/p><\/div><\/div>\n\n\n\n<div class=\"wp-block-uagb-image uagb-block-0c7ec733 wp-block-uagb-image--layout-default wp-block-uagb-image--effect-static wp-block-uagb-image--align-none\"><figure class=\"wp-block-uagb-image__figure\"><img loading=\"lazy\" decoding=\"async\" srcset=\"https:\/\/chube.eu\/wp-content\/uploads\/2025\/10\/img29-scaled.jpg ,https:\/\/chube.eu\/wp-content\/uploads\/2025\/10\/img29-scaled.jpg 780w, https:\/\/chube.eu\/wp-content\/uploads\/2025\/10\/img29-scaled.jpg 360w\" sizes=\"auto, (max-width: 480px) 150px\" src=\"https:\/\/chube.eu\/wp-content\/uploads\/2025\/10\/img29-scaled.jpg\" alt=\"img29\" class=\"uag-image-2006\" width=\"650\" height=\"535\" title=\"img29\" role=\"img\"\/><\/figure><\/div>\n<\/div><\/div>\n\n\n\n<div style=\"height:100px\" aria-hidden=\"true\" class=\"wp-block-spacer\"><\/div>\n\n\n\n<div class=\"wp-block-uagb-container uag-hide-mob uagb-block-c6306452 alignfull uagb-is-root-container\"><div class=\"uagb-container-inner-blocks-wrap\">\n<div class=\"wp-block-uagb-call-to-action uagb-block-f5c2c5f3 wp-block-button\"><div class=\"uagb-cta__wrap\"><h2 class=\"uagb-cta__title\">SPRICH UNS AN<\/h2><p class=\"uagb-cta__desc\">Wir w\u00fcrden uns freuen, von Ihnen zu h\u00f6ren - nehmen Sie Kontakt auf mit<br> Fragen, Ideen oder Vorschl\u00e4ge!<\/p><\/div><div class=\"uagb-cta__buttons\"><a href=\"https:\/\/chube.eu\/de\/contact\/\" class=\"uagb-cta__button-link-wrapper wp-block-button__link\" target=\"_self\" rel=\"noopener noreferrer\">KONTAKTIEREN SIE UNS<\/a><\/div><\/div>\n<\/div><\/div>\n\n\n\n<div class=\"wp-block-uagb-info-box uagb-block-704ab806 uagb-infobox__content-wrap  uagb-infobox-icon-above-title uagb-infobox-image-valign-top wp-block-uagb-info-box--has-margin uag-hide-desktop uag-hide-tab\"><div class=\"uagb-infobox-margin-wrapper\"><div class=\"uagb-ifb-content\"><div class=\"uagb-ifb-title-wrap\"><\/div><div class=\"uagb-ifb-button-wrapper wp-block-button\"><a href=\"https:\/\/chube.eu\/de\/contact\/\" class=\"uagb-infobox-cta-link wp-block-button__link\" target=\"_self\" rel=\"noopener noreferrer\" onclick=\"return true;\"><span class=\"uagb-inline-editing\">Kontakt<\/span><\/a><\/div><\/div><\/div><\/div>\n\n\n\n<div class=\"wp-block-buttons fixed-button uag-hide-mob is-layout-flex wp-block-buttons-is-layout-flex\">\n<div class=\"wp-block-button\"><a class=\"wp-block-button__link wp-element-button\" href=\"https:\/\/chube.eu\/de\/contact\/\">Kontakt<\/a><\/div>\n<\/div>\n\n\n\n<div class=\"wp-block-buttons fixed-button-shop uag-hide-mob is-layout-flex wp-block-buttons-is-layout-flex\">\n<div class=\"wp-block-button\"><a class=\"wp-block-button__link wp-element-button\" href=\"https:\/\/www.etsy.com\/shop\/CHUBEUG?ref=seller-platform-mcnav\" target=\"_blank\" rel=\"noreferrer noopener\">Shop<\/a><\/div>\n<\/div>\n\n\n\n<p><\/p>","protected":false},"excerpt":{"rendered":"<p>MOTIVATION<\/p>","protected":false},"author":1,"featured_media":0,"parent":0,"menu_order":0,"comment_status":"closed","ping_status":"closed","template":"","meta":{"_gspb_post_css":"","inline_featured_image":false,"_uag_custom_page_level_css":"","site-sidebar-layout":"default","site-content-layout":"","ast-site-content-layout":"default","site-content-style":"default","site-sidebar-style":"default","ast-global-header-display":"","ast-banner-title-visibility":"","ast-main-header-display":"","ast-hfb-above-header-display":"","ast-hfb-below-header-display":"","ast-hfb-mobile-header-display":"","site-post-title":"disabled","ast-breadcrumbs-content":"","ast-featured-img":"","footer-sml-layout":"","ast-disable-related-posts":"","theme-transparent-header-meta":"enabled","adv-header-id-meta":"","stick-header-meta":"","header-above-stick-meta":"","header-main-stick-meta":"","header-below-stick-meta":"","astra-migrate-meta-layouts":"set","ast-page-background-enabled":"default","ast-page-background-meta":{"desktop":{"background-color":"var(--ast-global-color-4)","background-image":"","background-repeat":"repeat","background-position":"center center","background-size":"auto","background-attachment":"scroll","background-type":"","background-media":"","overlay-type":"","overlay-color":"","overlay-opacity":"","overlay-gradient":""},"tablet":{"background-color":"","background-image":"","background-repeat":"repeat","background-position":"center center","background-size":"auto","background-attachment":"scroll","background-type":"","background-media":"","overlay-type":"","overlay-color":"","overlay-opacity":"","overlay-gradient":""},"mobile":{"background-color":"","background-image":"","background-repeat":"repeat","background-position":"center center","background-size":"auto","background-attachment":"scroll","background-type":"","background-media":"","overlay-type":"","overlay-color":"","overlay-opacity":"","overlay-gradient":""}},"ast-content-background-meta":{"desktop":{"background-color":"var(--ast-global-color-5)","background-image":"","background-repeat":"repeat","background-position":"center center","background-size":"auto","background-attachment":"scroll","background-type":"","background-media":"","overlay-type":"","overlay-color":"","overlay-opacity":"","overlay-gradient":""},"tablet":{"background-color":"var(--ast-global-color-5)","background-image":"","background-repeat":"repeat","background-position":"center center","background-size":"auto","background-attachment":"scroll","background-type":"","background-media":"","overlay-type":"","overlay-color":"","overlay-opacity":"","overlay-gradient":""},"mobile":{"background-color":"var(--ast-global-color-5)","background-image":"","background-repeat":"repeat","background-position":"center center","background-size":"auto","background-attachment":"scroll","background-type":"","background-media":"","overlay-type":"","overlay-color":"","overlay-opacity":"","overlay-gradient":""}},"footnotes":""},"class_list":["post-77","page","type-page","status-publish","hentry"],"uagb_featured_image_src":{"full":false,"thumbnail":false,"medium":false,"medium_large":false,"large":false,"1536x1536":false,"2048x2048":false,"trp-custom-language-flag":false,"wptouch-new-thumbnail":false},"uagb_author_info":{"display_name":"admin","author_link":"https:\/\/chube.eu\/de\/author\/admin\/"},"uagb_comment_info":0,"uagb_excerpt":"MOTIVATION","_links":{"self":[{"href":"https:\/\/chube.eu\/de\/wp-json\/wp\/v2\/pages\/77","targetHints":{"allow":["GET"]}}],"collection":[{"href":"https:\/\/chube.eu\/de\/wp-json\/wp\/v2\/pages"}],"about":[{"href":"https:\/\/chube.eu\/de\/wp-json\/wp\/v2\/types\/page"}],"author":[{"embeddable":true,"href":"https:\/\/chube.eu\/de\/wp-json\/wp\/v2\/users\/1"}],"replies":[{"embeddable":true,"href":"https:\/\/chube.eu\/de\/wp-json\/wp\/v2\/comments?post=77"}],"version-history":[{"count":61,"href":"https:\/\/chube.eu\/de\/wp-json\/wp\/v2\/pages\/77\/revisions"}],"predecessor-version":[{"id":3332,"href":"https:\/\/chube.eu\/de\/wp-json\/wp\/v2\/pages\/77\/revisions\/3332"}],"wp:attachment":[{"href":"https:\/\/chube.eu\/de\/wp-json\/wp\/v2\/media?parent=77"}],"curies":[{"name":"wp","href":"https:\/\/api.w.org\/{rel}","templated":true}]}}